{"id":90,"date":"2018-05-25T08:14:05","date_gmt":"2018-05-25T08:14:05","guid":{"rendered":"http:\/\/verkehrswende-jetzt.de\/?page_id=90"},"modified":"2020-11-20T07:00:02","modified_gmt":"2020-11-20T07:00:02","slug":"kontakt","status":"publish","type":"page","link":"http:\/\/verkehrswende-jetzt.de\/?page_id=90","title":{"rendered":"Kontakt"},"content":{"rendered":"<p><strong>B\u00fcro f\u00fcr ungew\u00f6hnliche Ma\u00dfnahmen zur Verkehrswende<\/strong><\/p>\n<p>Regionalb\u00fcro Stuttgart (Benjamin Schad)<\/p>\n<p>C\/o Die Anstifter, Werastra\u00dfe 10<\/p>\n<p>70182 Stuttgart<\/p>\n<p>Tel.: 0172 \/ 7115653<\/p>\n<p>benjamin.schad@verkehrswende-jetzt.de<\/p>\n","protected":false},"excerpt":{"rendered":"<p>B\u00fcro f\u00fcr ungew\u00f6hnliche Ma\u00dfnahmen zur Verkehrswende Regionalb\u00fcro Stuttgart (Benjamin Schad) C\/o Die Anstifter, Werastra\u00dfe 10 70182 Stuttgart Tel.: 0172 \/ 7115653 benjamin.schad@verkehrswende-jetzt.de<\/p>\n","protected":false},"author":1,"featured_media":0,"parent":0,"menu_order":0,"comment_status":"closed","ping_status":"closed","template":"","meta":{"footnotes":""},"class_list":["post-90","page","type-page","status-publish","hentry"],"_links":{"self":[{"href":"http:\/\/verkehrswende-jetzt.de\/index.php?rest_route=\/wp\/v2\/pages\/90","targetHints":{"allow":["GET"]}}],"collection":[{"href":"http:\/\/verkehrswende-jetzt.de\/index.php?rest_route=\/wp\/v2\/pages"}],"about":[{"href":"http:\/\/verkehrswende-jetzt.de\/index.php?rest_route=\/wp\/v2\/types\/page"}],"author":[{"embeddable":true,"href":"http:\/\/verkehrswende-jetzt.de\/index.php?rest_route=\/wp\/v2\/users\/1"}],"replies":[{"embeddable":true,"href":"http:\/\/verkehrswende-jetzt.de\/index.php?rest_route=%2Fwp%2Fv2%2Fcomments&post=90"}],"version-history":[{"count":5,"href":"http:\/\/verkehrswende-jetzt.de\/index.php?rest_route=\/wp\/v2\/pages\/90\/revisions"}],"predecessor-version":[{"id":471,"href":"http:\/\/verkehrswende-jetzt.de\/index.php?rest_route=\/wp\/v2\/pages\/90\/revisions\/471"}],"wp:attachment":[{"href":"http:\/\/verkehrswende-jetzt.de\/index.php?rest_route=%2Fwp%2Fv2%2Fmedia&parent=90"}],"curies":[{"name":"wp","href":"https:\/\/api.w.org\/{rel}","templated":true}]}}