{"id":78,"date":"2018-05-24T08:20:02","date_gmt":"2018-05-24T08:20:02","guid":{"rendered":"http:\/\/verkehrswende-jetzt.de\/?page_id=78"},"modified":"2019-10-31T10:03:02","modified_gmt":"2019-10-31T10:03:02","slug":"termine","status":"publish","type":"page","link":"http:\/\/verkehrswende-jetzt.de\/?page_id=78","title":{"rendered":"Termine"},"content":{"rendered":"\n<p><strong>Offenes B\u00fcndnistreffen am 10.9.19<\/strong><\/p>\n\n\n\n<p>Das erste offene B\u00fcndnistreffen zum Autogipfel 2019 findet am 10.9.19 um 17:00 bei den AnStiftern in der Werastra\u00dfe statt.<\/p>\n\n\n\n<hr class=\"wp-block-separator\"\/>\n\n\n\n<p><strong>Pressekonferenz (19.6.18 10-10:45 Uhr) und Hearing (19.6.18 11-13 Uhr)<\/strong><\/p>\n\n\n\n<p>Am 19.6.18 finden ab 10:00 in Berlin im Tagungszentrum im Haus der Bundespressekonferenz eine Pressekonferenz und ein Hearing des Personenb\u00fcndnisses Verkehrswende statt. Dort wird die &#8222;Charta Verkehrswende 2018&#8220; des Personenb\u00fcndnisses vorgestellt.<\/p>\n\n\n\n<hr class=\"wp-block-separator\"\/>\n\n\n\n<p><strong>Vernetzungstreffen am 20.6.18<\/strong><\/p>\n\n\n\n<p>Das n\u00e4chste Treffen unseres B\u00fcndnisses findet am Mittwoch den 20.6.18 um 18:30 wieder in den R\u00e4umen der Anstifter in der Werastra\u00dfe 10 in Stuttgart statt.<\/p>\n\n\n\n<hr class=\"wp-block-separator\"\/>\n\n\n\n<p><strong>Vernetzungstreffen am 26.5.18<\/strong><\/p>\n\n\n\n<p>Am 26.5.2018 um 11:00 findet f\u00fcr alle Interessierten ein Vernetzungstreffen in den R\u00e4umen der Anstifter in der Werastr. 10 in Stuttgart statt. Bei diesem Treffen wollen wir unser weiteres Vorgehen planen und besprechen.<\/p>\n","protected":false},"excerpt":{"rendered":"<p>Offenes B\u00fcndnistreffen am 10.9.19 Das erste offene B\u00fcndnistreffen zum Autogipfel 2019 findet am 10.9.19 um 17:00 bei den AnStiftern in der Werastra\u00dfe statt. Pressekonferenz (19.6.18 10-10:45 Uhr) und Hearing (19.6.18 11-13 Uhr) Am 19.6.18 finden ab 10:00 in Berlin im Tagungszentrum im Haus der Bundespressekonferenz eine Pressekonferenz und ein Hearing des Personenb\u00fcndnisses Verkehrswende statt. Dort &hellip; <a href=\"http:\/\/verkehrswende-jetzt.de\/?page_id=78\" class=\"more-link\"><span class=\"screen-reader-text\">Termine<\/span> weiterlesen<\/a><\/p>\n","protected":false},"author":1,"featured_media":0,"parent":0,"menu_order":0,"comment_status":"closed","ping_status":"closed","template":"","meta":{"footnotes":""},"class_list":["post-78","page","type-page","status-publish","hentry"],"_links":{"self":[{"href":"http:\/\/verkehrswende-jetzt.de\/index.php?rest_route=\/wp\/v2\/pages\/78","targetHints":{"allow":["GET"]}}],"collection":[{"href":"http:\/\/verkehrswende-jetzt.de\/index.php?rest_route=\/wp\/v2\/pages"}],"about":[{"href":"http:\/\/verkehrswende-jetzt.de\/index.php?rest_route=\/wp\/v2\/types\/page"}],"author":[{"embeddable":true,"href":"http:\/\/verkehrswende-jetzt.de\/index.php?rest_route=\/wp\/v2\/users\/1"}],"replies":[{"embeddable":true,"href":"http:\/\/verkehrswende-jetzt.de\/index.php?rest_route=%2Fwp%2Fv2%2Fcomments&post=78"}],"version-history":[{"count":5,"href":"http:\/\/verkehrswende-jetzt.de\/index.php?rest_route=\/wp\/v2\/pages\/78\/revisions"}],"predecessor-version":[{"id":412,"href":"http:\/\/verkehrswende-jetzt.de\/index.php?rest_route=\/wp\/v2\/pages\/78\/revisions\/412"}],"wp:attachment":[{"href":"http:\/\/verkehrswende-jetzt.de\/index.php?rest_route=%2Fwp%2Fv2%2Fmedia&parent=78"}],"curies":[{"name":"wp","href":"https:\/\/api.w.org\/{rel}","templated":true}]}}