{"id":35,"date":"2018-05-23T09:08:46","date_gmt":"2018-05-23T09:08:46","guid":{"rendered":"http:\/\/verkehrswende-jetzt.de\/?page_id=35"},"modified":"2018-06-28T09:16:10","modified_gmt":"2018-06-28T09:16:10","slug":"wer-wir-sind","status":"publish","type":"page","link":"http:\/\/verkehrswende-jetzt.de\/?page_id=35","title":{"rendered":"Wer wir sind"},"content":{"rendered":"<p><em><strong>Verkehrswende jetzt!<\/strong> <\/em>ist ein B\u00fcndnis von Vereinen und Initiativen aus Stuttgart und Berlin, das Lust auf eine eine soziale und \u00f6kologische Verkehrswende machen m\u00f6chte. Wir wollen an der Gestaltung der Zukunft der Mobilit\u00e4t mitwirken und verhindern, dass Regierung und Automobilindustrie dieses Thema auf die lange Bank schieben.<\/p>\n<p>&nbsp;<\/p>\n<p>&nbsp;<\/p>\n","protected":false},"excerpt":{"rendered":"<p>Verkehrswende jetzt! ist ein B\u00fcndnis von Vereinen und Initiativen aus Stuttgart und Berlin, das Lust auf eine eine soziale und \u00f6kologische Verkehrswende machen m\u00f6chte. Wir wollen an der Gestaltung der Zukunft der Mobilit\u00e4t mitwirken und verhindern, dass Regierung und Automobilindustrie dieses Thema auf die lange Bank schieben. &nbsp; &nbsp;<\/p>\n","protected":false},"author":1,"featured_media":0,"parent":0,"menu_order":0,"comment_status":"closed","ping_status":"closed","template":"","meta":{"footnotes":""},"class_list":["post-35","page","type-page","status-publish","hentry"],"_links":{"self":[{"href":"http:\/\/verkehrswende-jetzt.de\/index.php?rest_route=\/wp\/v2\/pages\/35","targetHints":{"allow":["GET"]}}],"collection":[{"href":"http:\/\/verkehrswende-jetzt.de\/index.php?rest_route=\/wp\/v2\/pages"}],"about":[{"href":"http:\/\/verkehrswende-jetzt.de\/index.php?rest_route=\/wp\/v2\/types\/page"}],"author":[{"embeddable":true,"href":"http:\/\/verkehrswende-jetzt.de\/index.php?rest_route=\/wp\/v2\/users\/1"}],"replies":[{"embeddable":true,"href":"http:\/\/verkehrswende-jetzt.de\/index.php?rest_route=%2Fwp%2Fv2%2Fcomments&post=35"}],"version-history":[{"count":15,"href":"http:\/\/verkehrswende-jetzt.de\/index.php?rest_route=\/wp\/v2\/pages\/35\/revisions"}],"predecessor-version":[{"id":307,"href":"http:\/\/verkehrswende-jetzt.de\/index.php?rest_route=\/wp\/v2\/pages\/35\/revisions\/307"}],"wp:attachment":[{"href":"http:\/\/verkehrswende-jetzt.de\/index.php?rest_route=%2Fwp%2Fv2%2Fmedia&parent=35"}],"curies":[{"name":"wp","href":"https:\/\/api.w.org\/{rel}","templated":true}]}}