{"id":169,"date":"2018-06-04T10:09:28","date_gmt":"2018-06-04T10:09:28","guid":{"rendered":"http:\/\/verkehrswende-jetzt.de\/?page_id=169"},"modified":"2019-10-31T10:05:43","modified_gmt":"2019-10-31T10:05:43","slug":"studien","status":"publish","type":"page","link":"http:\/\/verkehrswende-jetzt.de\/?page_id=169","title":{"rendered":"Studien"},"content":{"rendered":"\n<p>Auf der Seite der Baden-W\u00fcrttemberg Stiftung findet sich die sehr interessante&nbsp; Studie <em>mobiles BW<\/em>, die auf Initiative des BUND in Zusammenarbeit mit dem \u00d6KO Institut e.V.,&nbsp;dem ISOE (Institut f\u00fcr sozial-\u00f6kologische Forschung), dem IMU Institut und dem Fraunhofer-Institut f\u00fcr Arbeitswirtschaft und Organisation (IAO) entstanden ist.<\/p>\n\n\n\n<p>Am 26.6.18 findet zu der Studie in Mannheim auch eine Fachtagung statt, f\u00fcr die man sich bis zum 8.6. noch anmelden kann.<\/p>\n\n\n\n<p><a href=\"https:\/\/www.bwstiftung.de\/mobiles-bw\/\">https:\/\/www.bwstiftung.de\/mobiles-bw\/<\/a><\/p>\n\n\n\n<hr class=\"wp-block-separator\"\/>\n\n\n\n<p>Da m\u00f6chte der ADAC nat\u00fcrlich nicht hintenanstehen:<\/p>\n\n\n\n<p><a href=\"https:\/\/www.zukunftsinstitut.de\/artikel\/die-evolution-der-mobilitaet\/\">https:\/\/www.zukunftsinstitut.de\/artikel\/die-evolution-der-mobilitaet\/<\/a><\/p>\n\n\n\n<hr class=\"wp-block-separator\"\/>\n\n\n\n<p>Und Greenpeace bzw. das Wuppertal Institut liegt auch nicht auf der faulen Haut:<\/p>\n\n\n\n<p><a href=\"https:\/\/www.greenpeace.de\/presse\/publikationen\/verkehrswende-fuer-deutschland\">https:\/\/www.greenpeace.de\/presse\/publikationen\/verkehrswende-fuer-deutschland<\/a><\/p>\n\n\n\n<hr class=\"wp-block-separator\"\/>\n\n\n\n<p>Eine infratest dimap Umfrage:<\/p>\n\n\n\n<p><a href=\"http:\/\/verkehrswende-jetzt.de\/wp-content\/uploads\/2018\/07\/Mobilit\u00e4t-und-Umwelt.pdf\">Mobilit\u00e4t und Umwelt<\/a><\/p>\n\n\n\n<hr class=\"wp-block-separator\"\/>\n\n\n\n<p>&#8222;Die Antriebstechnik allein macht noch keine Verkehrswende&#8220;:<\/p>\n\n\n\n<p><a href=\"https:\/\/www.misereor.de\/fileadmin\/publikationen\/Studie-Weniger-Autos-mehr-globale-Gerechtigkeit-2018.pdf\">https:\/\/www.misereor.de\/fileadmin\/publikationen\/Studie-Weniger-Autos-mehr-globale-Gerechtigkeit-2018.pdf<\/a><\/p>\n","protected":false},"excerpt":{"rendered":"<p>Auf der Seite der Baden-W\u00fcrttemberg Stiftung findet sich die sehr interessante&nbsp; Studie mobiles BW, die auf Initiative des BUND in Zusammenarbeit mit dem \u00d6KO Institut e.V.,&nbsp;dem ISOE (Institut f\u00fcr sozial-\u00f6kologische Forschung), dem IMU Institut und dem Fraunhofer-Institut f\u00fcr Arbeitswirtschaft und Organisation (IAO) entstanden ist. Am 26.6.18 findet zu der Studie in Mannheim auch eine Fachtagung &hellip; <a href=\"http:\/\/verkehrswende-jetzt.de\/?page_id=169\" class=\"more-link\"><span class=\"screen-reader-text\">Studien<\/span> weiterlesen<\/a><\/p>\n","protected":false},"author":1,"featured_media":0,"parent":0,"menu_order":0,"comment_status":"closed","ping_status":"closed","template":"","meta":{"footnotes":""},"class_list":["post-169","page","type-page","status-publish","hentry"],"_links":{"self":[{"href":"http:\/\/verkehrswende-jetzt.de\/index.php?rest_route=\/wp\/v2\/pages\/169","targetHints":{"allow":["GET"]}}],"collection":[{"href":"http:\/\/verkehrswende-jetzt.de\/index.php?rest_route=\/wp\/v2\/pages"}],"about":[{"href":"http:\/\/verkehrswende-jetzt.de\/index.php?rest_route=\/wp\/v2\/types\/page"}],"author":[{"embeddable":true,"href":"http:\/\/verkehrswende-jetzt.de\/index.php?rest_route=\/wp\/v2\/users\/1"}],"replies":[{"embeddable":true,"href":"http:\/\/verkehrswende-jetzt.de\/index.php?rest_route=%2Fwp%2Fv2%2Fcomments&post=169"}],"version-history":[{"count":9,"href":"http:\/\/verkehrswende-jetzt.de\/index.php?rest_route=\/wp\/v2\/pages\/169\/revisions"}],"predecessor-version":[{"id":414,"href":"http:\/\/verkehrswende-jetzt.de\/index.php?rest_route=\/wp\/v2\/pages\/169\/revisions\/414"}],"wp:attachment":[{"href":"http:\/\/verkehrswende-jetzt.de\/index.php?rest_route=%2Fwp%2Fv2%2Fmedia&parent=169"}],"curies":[{"name":"wp","href":"https:\/\/api.w.org\/{rel}","templated":true}]}}