{"id":120,"date":"2018-05-30T08:06:43","date_gmt":"2018-05-30T08:06:43","guid":{"rendered":"http:\/\/verkehrswende-jetzt.de\/?page_id=120"},"modified":"2018-06-12T09:49:27","modified_gmt":"2018-06-12T09:49:27","slug":"personenbuendnis-berlin","status":"publish","type":"page","link":"http:\/\/verkehrswende-jetzt.de\/?page_id=120","title":{"rendered":"Personenb\u00fcndnis Verkehrswende"},"content":{"rendered":"<p>Wir sind eine Personenb\u00fcndnis von SozialwissenschaftlerInnen, Mobilit\u00e4tsforscherInnen und VertreterInnen von Umwelt-, Verkehrs-, und B\u00fcrgerrechtsinitiativen, die sich f\u00fcr die Aufkl\u00e4rung des Dieselskandals, eine soziale und \u00f6kologische Verkehrswende und das Recht auf eine menschenfreundliche Stadt einsetzen.<\/p>\n<p>Mitglieder des B\u00fcndnisses sind:<\/p>\n<p>Prof. Peter Grottian (FU Berlin, Koordinator Personenb\u00fcndnis Verkehrswende), Dr. Lutz Mez (Forschungszentrum f\u00fcr Umweltpolitik), Uwe Hiksch (NaturFreunde), Dr. Bernhard Knierim (\u201eBahn f\u00fcr alle\u201c), Prof. Stephan Lessenich (Soziologe), Peter Grohmann (Die Anstifter \/ Stuttgart 21), Julia von Staden (Die Anstifter \/ Stuttgart 21), Werner Sauerborn (Aktionsb\u00fcndnis gegen Stuttgart 21), Eno Wohlgemuth (Koordinator Personenb\u00fcndnis Verkehrswende), Herbert Nebel (Liga f\u00fcr Menschenrechte), Weert Canzler (Mobilit\u00e4tsforscher), Hendrik Auhagen (Mobilit\u00e4tsexperte, \u201eBahn f\u00fcr alle\u201c), Prof. Stephan Rammler (Mobilit\u00e4tsforscher), Denis Petri (Changing Cities e.V.), Milos Casal (Changing Cities e.V.)<\/p>\n","protected":false},"excerpt":{"rendered":"<p>Wir sind eine Personenb\u00fcndnis von SozialwissenschaftlerInnen, Mobilit\u00e4tsforscherInnen und VertreterInnen von Umwelt-, Verkehrs-, und B\u00fcrgerrechtsinitiativen, die sich f\u00fcr die Aufkl\u00e4rung des Dieselskandals, eine soziale und \u00f6kologische Verkehrswende und das Recht auf eine menschenfreundliche Stadt einsetzen. Mitglieder des B\u00fcndnisses sind: Prof. Peter Grottian (FU Berlin, Koordinator Personenb\u00fcndnis Verkehrswende), Dr. Lutz Mez (Forschungszentrum f\u00fcr Umweltpolitik), Uwe Hiksch (NaturFreunde), &hellip; <a href=\"http:\/\/verkehrswende-jetzt.de\/?page_id=120\" class=\"more-link\"><span class=\"screen-reader-text\">Personenb\u00fcndnis Verkehrswende<\/span> weiterlesen<\/a><\/p>\n","protected":false},"author":1,"featured_media":0,"parent":0,"menu_order":0,"comment_status":"closed","ping_status":"closed","template":"","meta":{"footnotes":""},"class_list":["post-120","page","type-page","status-publish","hentry"],"_links":{"self":[{"href":"http:\/\/verkehrswende-jetzt.de\/index.php?rest_route=\/wp\/v2\/pages\/120","targetHints":{"allow":["GET"]}}],"collection":[{"href":"http:\/\/verkehrswende-jetzt.de\/index.php?rest_route=\/wp\/v2\/pages"}],"about":[{"href":"http:\/\/verkehrswende-jetzt.de\/index.php?rest_route=\/wp\/v2\/types\/page"}],"author":[{"embeddable":true,"href":"http:\/\/verkehrswende-jetzt.de\/index.php?rest_route=\/wp\/v2\/users\/1"}],"replies":[{"embeddable":true,"href":"http:\/\/verkehrswende-jetzt.de\/index.php?rest_route=%2Fwp%2Fv2%2Fcomments&post=120"}],"version-history":[{"count":5,"href":"http:\/\/verkehrswende-jetzt.de\/index.php?rest_route=\/wp\/v2\/pages\/120\/revisions"}],"predecessor-version":[{"id":220,"href":"http:\/\/verkehrswende-jetzt.de\/index.php?rest_route=\/wp\/v2\/pages\/120\/revisions\/220"}],"wp:attachment":[{"href":"http:\/\/verkehrswende-jetzt.de\/index.php?rest_route=%2Fwp%2Fv2%2Fmedia&parent=120"}],"curies":[{"name":"wp","href":"https:\/\/api.w.org\/{rel}","templated":true}]}}